{"id":46,"date":"2013-12-10T15:45:11","date_gmt":"2013-12-10T14:45:11","guid":{"rendered":"https:\/\/assistance.ac-lyon.fr\/?page_id=46"},"modified":"2020-12-10T14:53:23","modified_gmt":"2020-12-10T13:53:23","slug":"bienvenue","status":"publish","type":"page","link":"https:\/\/assistance.ac-lyon.fr\/","title":{"rendered":"Bienvenue"},"content":{"rendered":"<p>Bienvenue sur le site de l\u2019assistance informatique.<br \/>\nVous trouverez sur ce site des informations sur :<\/p>\n<ul>\n<li>Les modalit\u00e9s d&rsquo;acc\u00e8s \u00e0 l&rsquo;assistance acad\u00e9mique.<\/li>\n<li>Votre identifiant.<\/li>\n<li>Votre messagerie et vos agendas.<\/li>\n<li>Vos applications.<\/li>\n<\/ul>\n","protected":false},"excerpt":{"rendered":"<p>Bienvenue sur le site de l\u2019assistance informatique. Vous trouverez sur ce site des informations sur : Les modalit\u00e9s d&rsquo;acc\u00e8s \u00e0 l&rsquo;assistance acad\u00e9mique. Votre identifiant. Votre messagerie et vos agendas. Vos applications.<\/p>\n","protected":false},"author":4,"featured_media":0,"parent":0,"menu_order":0,"comment_status":"closed","ping_status":"closed","template":"","meta":[],"_links":{"self":[{"href":"https:\/\/assistance.ac-lyon.fr\/index.php?rest_route=\/wp\/v2\/pages\/46"}],"collection":[{"href":"https:\/\/assistance.ac-lyon.fr\/index.php?rest_route=\/wp\/v2\/pages"}],"about":[{"href":"https:\/\/assistance.ac-lyon.fr\/index.php?rest_route=\/wp\/v2\/types\/page"}],"author":[{"embeddable":true,"href":"https:\/\/assistance.ac-lyon.fr\/index.php?rest_route=\/wp\/v2\/users\/4"}],"replies":[{"embeddable":true,"href":"https:\/\/assistance.ac-lyon.fr\/index.php?rest_route=%2Fwp%2Fv2%2Fcomments&post=46"}],"version-history":[{"count":2,"href":"https:\/\/assistance.ac-lyon.fr\/index.php?rest_route=\/wp\/v2\/pages\/46\/revisions"}],"predecessor-version":[{"id":937,"href":"https:\/\/assistance.ac-lyon.fr\/index.php?rest_route=\/wp\/v2\/pages\/46\/revisions\/937"}],"wp:attachment":[{"href":"https:\/\/assistance.ac-lyon.fr\/index.php?rest_route=%2Fwp%2Fv2%2Fmedia&parent=46"}],"curies":[{"name":"wp","href":"https:\/\/api.w.org\/{rel}","templated":true}]}}